{"id":2803,"date":"2025-07-28T13:28:57","date_gmt":"2025-07-28T13:28:57","guid":{"rendered":"https:\/\/morewipesbih.com\/?post_type=product&#038;p=2803"},"modified":"2025-09-23T18:30:28","modified_gmt":"2025-09-23T18:30:28","slug":"more-delay-wipes-6kom","status":"publish","type":"product","link":"https:\/\/morewipesbih.com\/sr_rs\/product\/more-delay-wipes-6kom\/","title":{"rendered":"MORE Delay Wipes &#8211; Nedeljni Paket"},"content":{"rendered":"<p data-start=\"54\" data-end=\"218\">Diskretna podr\u0161ka za mu\u0161karce \u2013 <strong>MORE Delay Wipes<\/strong> donose osje\u0107aj kontrole i samopouzdanja onda kada je to najva\u017enije.<\/p>\n<p data-start=\"220\" data-end=\"518\">\u2705 <strong data-start=\"222\" data-end=\"237\">Brzo deluju<\/strong> \u2013 Efekat u roku od 5-10 minuta<br data-start=\"268\" data-end=\"271\" \/>\u2705 <strong data-start=\"273\" data-end=\"294\">Prirodno iskustvo<\/strong> \u2013 Bez utrnulosti, ne remeti senzaciju<br data-start=\"332\" data-end=\"335\" data-is-only-node=\"\" \/>\u2705 <strong data-start=\"337\" data-end=\"362\">Diskretno i prakti\u010dno<\/strong> \u2013 Lako se koristi i nosi bilo gde<br data-start=\"396\" data-end=\"399\" \/>\u2705 <strong data-start=\"401\" data-end=\"427\">Dermatolo\u0161ki testirano<\/strong> \u2013 Bezbedno za ko\u017eu, bez nuspojava<br data-start=\"461\" data-end=\"464\" \/>\u2705 <strong data-start=\"466\" data-end=\"481\">Bez recepta<\/strong> \u2013 lako dostupno i jednostavno za kupovinu<\/p>\n<p data-start=\"520\" data-end=\"614\">Za mu\u0161karce koji \u017eele vi\u0161e samopouzdanja i ose\u0107aj kontrole u va\u017enim trenucima.<\/p>","protected":false},"excerpt":{"rendered":"<p><strong>MORE Delay Wipes<\/strong> su diskretne i prakti\u010dne maramice koje poma\u017eu mu\u0161karcima da zadr\u017ee osje\u0107aj kontrole i samopouzdanja u va\u017enim trenucima. Deluju brzo, ne ostavljaju tragove i pru\u017eaju prirodan osje\u0107aj.<\/p>","protected":false},"featured_media":2864,"comment_status":"open","ping_status":"closed","template":"","meta":{"neve_meta_sidebar":"full-width","neve_meta_container":"","neve_meta_enable_content_width":"off","neve_meta_content_width":100,"neve_meta_title_alignment":"","neve_meta_author_avatar":"","neve_post_elements_order":"","neve_meta_disable_header":"","neve_meta_disable_footer":"","neve_meta_disable_title":"","_themeisle_gutenberg_block_has_review":false},"product_brand":[20],"product_cat":[22],"product_tag":[21],"class_list":{"0":"post-2803","1":"product","2":"type-product","3":"status-publish","4":"has-post-thumbnail","6":"product_brand-more","7":"product_cat-delay-wipes","8":"product_tag-delay-wipes","10":"first","11":"instock","12":"sale","13":"taxable","14":"shipping-taxable","15":"purchasable","16":"product-type-simple"},"_links":{"self":[{"href":"https:\/\/morewipesbih.com\/sr_rs\/wp-json\/wp\/v2\/product\/2803","targetHints":{"allow":["GET"]}}],"collection":[{"href":"https:\/\/morewipesbih.com\/sr_rs\/wp-json\/wp\/v2\/product"}],"about":[{"href":"https:\/\/morewipesbih.com\/sr_rs\/wp-json\/wp\/v2\/types\/product"}],"replies":[{"embeddable":true,"href":"https:\/\/morewipesbih.com\/sr_rs\/wp-json\/wp\/v2\/comments?post=2803"}],"wp:featuredmedia":[{"embeddable":true,"href":"https:\/\/morewipesbih.com\/sr_rs\/wp-json\/wp\/v2\/media\/2864"}],"wp:attachment":[{"href":"https:\/\/morewipesbih.com\/sr_rs\/wp-json\/wp\/v2\/media?parent=2803"}],"wp:term":[{"taxonomy":"product_brand","embeddable":true,"href":"https:\/\/morewipesbih.com\/sr_rs\/wp-json\/wp\/v2\/product_brand?post=2803"},{"taxonomy":"product_cat","embeddable":true,"href":"https:\/\/morewipesbih.com\/sr_rs\/wp-json\/wp\/v2\/product_cat?post=2803"},{"taxonomy":"product_tag","embeddable":true,"href":"https:\/\/morewipesbih.com\/sr_rs\/wp-json\/wp\/v2\/product_tag?post=2803"}],"curies":[{"name":"wp","href":"https:\/\/api.w.org\/{rel}","templated":true}]}}