{"id":1749,"date":"2025-03-17T20:20:11","date_gmt":"2025-03-17T20:20:11","guid":{"rendered":"https:\/\/morewipesbih.com\/?post_type=product&#038;p=1749"},"modified":"2025-09-23T18:31:56","modified_gmt":"2025-09-23T18:31:56","slug":"more-maramice-u-kutiji","status":"publish","type":"product","link":"https:\/\/morewipesbih.com\/sr_rs\/product\/more-maramice-u-kutiji\/","title":{"rendered":"MORE Delay Wipes box (12\/1)"},"content":{"rendered":"<p data-start=\"54\" data-end=\"218\">Vi\u0161e kontrole i sigurnosti uz MORE Delay Wipes \u2013 diskretne maramice za mu\u0161karce koje poma\u017eu da se osje\u0107ate smirenije i samouverenije.<\/p>\n<p data-start=\"220\" data-end=\"518\">\u2705 <strong data-start=\"222\" data-end=\"237\">Brzo deluju<\/strong> \u2013 Efekat u roku od 5-10 minuta<br data-start=\"268\" data-end=\"271\" \/>\u2705 <strong data-start=\"273\" data-end=\"294\">Prirodno iskustvo<\/strong> \u2013 ne remete prirodan ose\u0107aj<br data-start=\"332\" data-end=\"335\" data-is-only-node=\"\" \/>\u2705 <strong data-start=\"337\" data-end=\"362\">Diskretno i prakti\u010dno<\/strong> \u2013 Lako se koristi i nosi bilo gde<br data-start=\"396\" data-end=\"399\" \/>\u2705 <strong data-start=\"401\" data-end=\"427\">Dermatolo\u0161ki testirano<\/strong> \u2013 Bezbedno za ko\u017eu, bez nuspojava<br data-start=\"461\" data-end=\"464\" \/>\u2705 <strong data-start=\"466\" data-end=\"481\">Bez recepta<\/strong> \u2013 lako dostupno i jednostavno za kupovinu<\/p>\n<p data-start=\"520\" data-end=\"614\">Za mu\u0161karce koji \u017eele <strong>vi\u0161e kontrole i samopouzdanja<\/strong> u va\u017enim trenucima.<\/p>\n<p data-start=\"616\" data-end=\"662\" data-is-last-node=\"\" data-is-only-node=\"\"><strong>Poru\u010di odmah i uvek imaj diskretnu podr\u0161ku pri ruci.<\/strong><\/p>","protected":false},"excerpt":{"rendered":"<p><strong>MORE Delay Wipes<\/strong> su diskretne i prakti\u010dne maramice koje poma\u017eu mu\u0161karcima da zadr\u017ee ose\u0107aj kontrole i samopouzdanja u va\u017enim trenucima. Deluju brzo, ne ostavljaju tragove i pru\u017eaju prirodan ose\u0107aj.<\/p>","protected":false},"featured_media":1751,"comment_status":"open","ping_status":"closed","template":"","meta":{"neve_meta_sidebar":"","neve_meta_container":"","neve_meta_enable_content_width":"off","neve_meta_content_width":100,"neve_meta_title_alignment":"","neve_meta_author_avatar":"","neve_post_elements_order":"","neve_meta_disable_header":"","neve_meta_disable_footer":"","neve_meta_disable_title":"","_themeisle_gutenberg_block_has_review":false},"product_brand":[20],"product_cat":[22],"product_tag":[21],"class_list":{"0":"post-1749","1":"product","2":"type-product","3":"status-publish","4":"has-post-thumbnail","6":"product_brand-more","7":"product_cat-delay-wipes","8":"product_tag-delay-wipes","10":"first","11":"instock","12":"sale","13":"taxable","14":"shipping-taxable","15":"purchasable","16":"product-type-simple"},"_links":{"self":[{"href":"https:\/\/morewipesbih.com\/sr_rs\/wp-json\/wp\/v2\/product\/1749","targetHints":{"allow":["GET"]}}],"collection":[{"href":"https:\/\/morewipesbih.com\/sr_rs\/wp-json\/wp\/v2\/product"}],"about":[{"href":"https:\/\/morewipesbih.com\/sr_rs\/wp-json\/wp\/v2\/types\/product"}],"replies":[{"embeddable":true,"href":"https:\/\/morewipesbih.com\/sr_rs\/wp-json\/wp\/v2\/comments?post=1749"}],"wp:featuredmedia":[{"embeddable":true,"href":"https:\/\/morewipesbih.com\/sr_rs\/wp-json\/wp\/v2\/media\/1751"}],"wp:attachment":[{"href":"https:\/\/morewipesbih.com\/sr_rs\/wp-json\/wp\/v2\/media?parent=1749"}],"wp:term":[{"taxonomy":"product_brand","embeddable":true,"href":"https:\/\/morewipesbih.com\/sr_rs\/wp-json\/wp\/v2\/product_brand?post=1749"},{"taxonomy":"product_cat","embeddable":true,"href":"https:\/\/morewipesbih.com\/sr_rs\/wp-json\/wp\/v2\/product_cat?post=1749"},{"taxonomy":"product_tag","embeddable":true,"href":"https:\/\/morewipesbih.com\/sr_rs\/wp-json\/wp\/v2\/product_tag?post=1749"}],"curies":[{"name":"wp","href":"https:\/\/api.w.org\/{rel}","templated":true}]}}